{"id":1734,"date":"2025-06-09T21:05:48","date_gmt":"2025-06-10T02:05:48","guid":{"rendered":"https:\/\/colrefrac.com\/portal\/?page_id=1734"},"modified":"2025-06-09T21:47:27","modified_gmt":"2025-06-10T02:47:27","slug":"certificaciones","status":"publish","type":"page","link":"https:\/\/colrefrac.com\/portal\/certificaciones\/","title":{"rendered":"Certificaciones"},"content":{"rendered":"\t\t<div data-elementor-type=\"wp-page\" data-elementor-id=\"1734\" class=\"elementor elementor-1734\" data-elementor-post-type=\"page\">\n\t\t\t\t<div class=\"elementor-element elementor-element-33b11f6 e-flex e-con-boxed e-con e-parent\" data-id=\"33b11f6\" data-element_type=\"container\" data-settings=\"{&quot;background_background&quot;:&quot;classic&quot;,&quot;shape_divider_bottom&quot;:&quot;triangle-asymmetrical&quot;}\">\n\t\t\t\t\t<div class=\"e-con-inner\">\n\t\t\t\t<div class=\"elementor-shape elementor-shape-bottom\" aria-hidden=\"true\" data-negative=\"false\">\n\t\t\t<svg xmlns=\"http:\/\/www.w3.org\/2000\/svg\" viewBox=\"0 0 1000 100\" preserveAspectRatio=\"none\">\n\t<path class=\"elementor-shape-fill\" d=\"M738,99l262-93V0H0v5.6L738,99z\"\/>\n<\/svg>\t\t<\/div>\n\t\t<div class=\"elementor-element elementor-element-032933a e-con-full e-flex e-con e-child\" data-id=\"032933a\" data-element_type=\"container\">\n\t\t\t\t<div class=\"elementor-element elementor-element-671748a elementor-widget-divider--view-line elementor-widget elementor-widget-divider\" data-id=\"671748a\" data-element_type=\"widget\" data-widget_type=\"divider.default\">\n\t\t\t\t<div class=\"elementor-widget-container\">\n\t\t\t\t\t\t\t<div class=\"elementor-divider\">\n\t\t\t<span class=\"elementor-divider-separator\">\n\t\t\t\t\t\t<\/span>\n\t\t<\/div>\n\t\t\t\t\t\t<\/div>\n\t\t\t\t<\/div>\n\t\t\t\t<\/div>\n\t\t<div class=\"elementor-element elementor-element-9aaf5bf e-con-full e-flex e-con e-child\" data-id=\"9aaf5bf\" data-element_type=\"container\">\n\t\t\t\t<div class=\"elementor-element elementor-element-ee3a822 elementor-widget elementor-widget-heading\" data-id=\"ee3a822\" data-element_type=\"widget\" data-widget_type=\"heading.default\">\n\t\t\t\t<div class=\"elementor-widget-container\">\n\t\t\t\t\t<h1 class=\"elementor-heading-title elementor-size-default\">Certifiaciones<\/h1>\t\t\t\t<\/div>\n\t\t\t\t<\/div>\n\t\t\t\t<\/div>\n\t\t\t\t\t<\/div>\n\t\t\t\t<\/div>\n\t\t<div class=\"elementor-element elementor-element-9a69dbc e-flex e-con-boxed e-con e-parent\" data-id=\"9a69dbc\" data-element_type=\"container\">\n\t\t\t\t\t<div class=\"e-con-inner\">\n\t\t<div class=\"elementor-element elementor-element-19179c6 e-con-full e-flex e-con e-child\" data-id=\"19179c6\" data-element_type=\"container\">\n\t\t\t\t<div class=\"elementor-element elementor-element-1d11a90 elementor-widget elementor-widget-text-editor\" data-id=\"1d11a90\" data-element_type=\"widget\" data-widget_type=\"text-editor.default\">\n\t\t\t\t<div class=\"elementor-widget-container\">\n\t\t\t\t\t\t\t\t\t<p>En <strong>Colrefrac S.A.S<\/strong> nos enorgullece contar con la certificaci\u00f3n otorgada por el <strong>Consejo Colombiano de Seguridad (CCS)<\/strong>, que nos acredita en el <strong>Registro Uniforme de Evaluaci\u00f3n del Sistema de Gesti\u00f3n de Seguridad, Salud en el Trabajo y Ambiente para Contratistas (RUC\u00ae)<\/strong> desde 2021 hasta la fecha.<\/p><p>Esta certificaci\u00f3n garantiza que cumplimos rigurosamente con los est\u00e1ndares nacionales e internacionales en seguridad, salud ocupacional y cuidado ambiental, reflejando nuestro compromiso constante con la excelencia y la protecci\u00f3n integral en todos nuestros procesos.<\/p><p>Ponemos esta certificaci\u00f3n a disposici\u00f3n de nuestros clientes como una muestra de transparencia y confianza, asegurando que todos los proyectos que realizamos cumplen con los m\u00e1s altos requisitos de seguridad y sostenibilidad.<\/p><p>Nos enorgullece decir que <strong>El CONSEJO COLOMBIANO DE SEGURIDAD CCS<\/strong>, nos certifica en el Registro Uniforme de Evaluaci\u00f3n del Sistema de Gesti\u00f3n de Seguridad, Salud en el Trabajo y Ambiente para Contratistas<strong> RUC<\/strong>\u00ae desde el a\u00f1o 2021 a la fecha, certificaci\u00f3n por el cual damos el cumplimiento a los est\u00e1ndares de seguridad, salud en el trabajo y medio ambiente de la compa\u00f1\u00eda. Y que ponemos a disposici\u00f3n de todos nuestros clientes.<\/p>\t\t\t\t\t\t\t\t<\/div>\n\t\t\t\t<\/div>\n\t\t\t\t<\/div>\n\t\t\t\t\t<\/div>\n\t\t\t\t<\/div>\n\t\t<div class=\"elementor-element elementor-element-a9fe017 e-flex e-con-boxed e-con e-parent\" data-id=\"a9fe017\" data-element_type=\"container\">\n\t\t\t\t\t<div class=\"e-con-inner\">\n\t\t<div class=\"elementor-element elementor-element-b005139 e-con-full e-flex e-con e-child\" data-id=\"b005139\" data-element_type=\"container\">\n\t\t\t\t<\/div>\n\t\t\t\t\t<\/div>\n\t\t\t\t<\/div>\n\t\t\t\t<\/div>\n\t\t","protected":false},"excerpt":{"rendered":"<p>Certifiaciones En Colrefrac S.A.S nos enorgullece contar con la certificaci\u00f3n otorgada por el Consejo Colombiano de Seguridad (CCS), que nos acredita en el Registro Uniforme de Evaluaci\u00f3n del Sistema de Gesti\u00f3n de Seguridad, Salud en el Trabajo y Ambiente para Contratistas (RUC\u00ae) desde 2021 hasta la fecha. Esta certificaci\u00f3n garantiza que cumplimos rigurosamente con los [&hellip;]<\/p>\n","protected":false},"author":1,"featured_media":0,"parent":0,"menu_order":0,"comment_status":"closed","ping_status":"closed","template":"","meta":{"site-sidebar-layout":"no-sidebar","site-content-layout":"page-builder","ast-site-content-layout":"full-width-container","site-content-style":"unboxed","site-sidebar-style":"unboxed","ast-global-header-display":"","ast-banner-title-visibility":"","ast-main-header-display":"","ast-hfb-above-header-display":"","ast-hfb-below-header-display":"","ast-hfb-mobile-header-display":"","site-post-title":"disabled","ast-breadcrumbs-content":"disabled","ast-featured-img":"disabled","footer-sml-layout":"","theme-transparent-header-meta":"enabled","adv-header-id-meta":"","stick-header-meta":"","header-above-stick-meta":"","header-main-stick-meta":"","header-below-stick-meta":"","astra-migrate-meta-layouts":"set","ast-page-background-enabled":"default","ast-page-background-meta":{"desktop":{"background-color":"","background-image":"","background-repeat":"repeat","background-position":"center center","background-size":"auto","background-attachment":"scroll","background-type":"","background-media":"","overlay-type":"","overlay-color":"","overlay-opacity":"","overlay-gradient":""},"tablet":{"background-color":"","background-image":"","background-repeat":"repeat","background-position":"center center","background-size":"auto","background-attachment":"scroll","background-type":"","background-media":"","overlay-type":"","overlay-color":"","overlay-opacity":"","overlay-gradient":""},"mobile":{"background-color":"","background-image":"","background-repeat":"repeat","background-position":"center center","background-size":"auto","background-attachment":"scroll","background-type":"","background-media":"","overlay-type":"","overlay-color":"","overlay-opacity":"","overlay-gradient":""}},"ast-content-background-meta":{"desktop":{"background-color":"var(--ast-global-color-5)","background-image":"","background-repeat":"repeat","background-position":"center center","background-size":"auto","background-attachment":"scroll","background-type":"","background-media":"","overlay-type":"","overlay-color":"","overlay-opacity":"","overlay-gradient":""},"tablet":{"background-color":"var(--ast-global-color-5)","background-image":"","background-repeat":"repeat","background-position":"center center","background-size":"auto","background-attachment":"scroll","background-type":"","background-media":"","overlay-type":"","overlay-color":"","overlay-opacity":"","overlay-gradient":""},"mobile":{"background-color":"var(--ast-global-color-5)","background-image":"","background-repeat":"repeat","background-position":"center center","background-size":"auto","background-attachment":"scroll","background-type":"","background-media":"","overlay-type":"","overlay-color":"","overlay-opacity":"","overlay-gradient":""}},"footnotes":""},"class_list":["post-1734","page","type-page","status-publish","hentry"],"_links":{"self":[{"href":"https:\/\/colrefrac.com\/portal\/wp-json\/wp\/v2\/pages\/1734","targetHints":{"allow":["GET"]}}],"collection":[{"href":"https:\/\/colrefrac.com\/portal\/wp-json\/wp\/v2\/pages"}],"about":[{"href":"https:\/\/colrefrac.com\/portal\/wp-json\/wp\/v2\/types\/page"}],"author":[{"embeddable":true,"href":"https:\/\/colrefrac.com\/portal\/wp-json\/wp\/v2\/users\/1"}],"replies":[{"embeddable":true,"href":"https:\/\/colrefrac.com\/portal\/wp-json\/wp\/v2\/comments?post=1734"}],"version-history":[{"count":10,"href":"https:\/\/colrefrac.com\/portal\/wp-json\/wp\/v2\/pages\/1734\/revisions"}],"predecessor-version":[{"id":1844,"href":"https:\/\/colrefrac.com\/portal\/wp-json\/wp\/v2\/pages\/1734\/revisions\/1844"}],"wp:attachment":[{"href":"https:\/\/colrefrac.com\/portal\/wp-json\/wp\/v2\/media?parent=1734"}],"curies":[{"name":"wp","href":"https:\/\/api.w.org\/{rel}","templated":true}]}}